{"id":1723,"date":"2024-07-25T11:32:52","date_gmt":"2024-07-25T09:32:52","guid":{"rendered":"https:\/\/www.avsprevencion.com\/es\/?page_id=1723"},"modified":"2024-07-25T11:46:00","modified_gmt":"2024-07-25T09:46:00","slug":"aviso-legal","status":"publish","type":"page","link":"https:\/\/www.avsprevencion.com\/es\/aviso-legal\/","title":{"rendered":"Aviso Legal"},"content":{"rendered":"<p>[et_pb_section fb_built=\u00bb1&#8243; fullwidth=\u00bbon\u00bb _builder_version=\u00bb4.27.0&#8243; _module_preset=\u00bbdefault\u00bb background_color=\u00bb#2B2B2B\u00bb global_colors_info=\u00bb{}\u00bb][et_pb_fullwidth_post_title meta=\u00bboff\u00bb featured_image=\u00bboff\u00bb _builder_version=\u00bb4.27.0&#8243; _module_preset=\u00bbdefault\u00bb title_font=\u00bb|700||on|||||\u00bb title_text_color=\u00bb#FFB400&#8243; custom_padding=\u00bb30px||20px||false|false\u00bb global_colors_info=\u00bb{}\u00bb][\/et_pb_fullwidth_post_title][\/et_pb_section][et_pb_section fb_built=\u00bb1&#8243; _builder_version=\u00bb4.16&#8243; _module_preset=\u00bbdefault\u00bb background_image=\u00bbhttps:\/\/www.avsprevencion.com\/es\/wp-content\/uploads\/2019\/09\/fondowebavs3.jpg\u00bb parallax=\u00bbon\u00bb parallax_method=\u00bboff\u00bb custom_padding=\u00bb13px|||||\u00bb global_colors_info=\u00bb{}\u00bb][et_pb_row _builder_version=\u00bb4.16&#8243; _module_preset=\u00bbdefault\u00bb global_colors_info=\u00bb{}\u00bb][et_pb_column type=\u00bb4_4&#8243; _builder_version=\u00bb4.16&#8243; _module_preset=\u00bbdefault\u00bb global_colors_info=\u00bb{}\u00bb][et_pb_text module_id=\u00bbcanaletico\u00bb _builder_version=\u00bb4.27.0&#8243; _module_preset=\u00bbdefault\u00bb header_3_text_color=\u00bb#E09900&#8243; hover_enabled=\u00bb0&#8243; global_colors_info=\u00bb{}\u00bb sticky_enabled=\u00bb0&#8243;]<\/p>\n<h4><strong>DATOS IDENTIFICATIVOS:<\/strong><\/h4>\n<p>En cumplimiento con el deber de informaci\u00f3n recogido en art\u00edculo 10 de la Ley 34\/2002, de 11 de julio, de Servicios de la Sociedad de la Informaci\u00f3n y del Comercio Electr\u00f3nico (LSSICE), AVS PREVENCI\u00d3N le informa de lo siguiente:<\/p>\n<p>&nbsp;<\/p>\n<p>Denominaci\u00f3n social: <strong>Andaluza de Vigilancia de la Salud S.L. (en adelante AVS PREVENCI\u00d3N)<\/strong><\/p>\n<p>CIF: <strong>B21441761<\/strong><\/p>\n<p>Domicilio social: <strong>Calle Rascon 47 \u2013 21001 HUELVA<\/strong><\/p>\n<p>Tel\u00e9fono: <strong>959 263 568<\/strong><\/p>\n<p>Email:<strong> <u><a href=\"mailto:info@avsprevencion.com\">info@avsprevencion.com<\/a><\/u><\/strong><\/p>\n<p>&nbsp;<\/p>\n<h4><strong>USO DEL PORTAL:<\/strong><\/h4>\n<p>El sitio web y sus servicios son de acceso libre y gratuito, no obstante para poder cumplir con las finalidades de algunos de los servicios ofrecidos por AVS PREVENCION el usuario debe cumplimentar previamente el correspondiente formulario. Por tanto, si no se facilitan los datos necesarios o no lo hace correctamente no podr\u00e1n atenderse las solicitudes, sin perjuicio de que podr\u00e1 visualizar libremente el contenido de la web.<\/p>\n<p>&nbsp;<\/p>\n<h4><strong>USUARIOS:<\/strong><\/h4>\n<p>El acceso y\/o uso de este portal atribuye la condici\u00f3n de USUARIO, que acepta, desde dicho acceso y\/o uso, las Condiciones Generales de Uso aqu\u00ed reflejadas. Las citadas Condiciones ser\u00e1n de aplicaci\u00f3n independientemente de las Condiciones Generales de Contrataci\u00f3n que en su caso resulten de obligado cumplimiento. El Usuario:<\/p>\n<ul>\n<li>Garantiza que ha informado a los terceros de los que facilite sus datos, en caso de hacerlo, de los aspectos contenidos en este documento. Asimismo, garantiza que ha obtenido su autorizaci\u00f3n para facilitar sus datos a AVS PREVENCION para los fines se\u00f1alados.<\/li>\n<li>Ser\u00e1 responsable de las informaciones falsas o inexactas que proporcione a trav\u00e9s del Sitio Web y de los da\u00f1os y perjuicios, directos o indirectos, que ello cause a AVS PREVENCION o a terceros.<\/li>\n<\/ul>\n<p>&nbsp;<\/p>\n<h4><strong>PROPIEDAD INTELECTUAL E INDUSTRIAL:<\/strong><\/h4>\n<p>AVS PREVENCION por s\u00ed o como cesionaria, es titular de todos los derechos de propiedad intelectual e industrial de su p\u00e1gina web, as\u00ed como de los elementos contenidos en la misma (a t\u00edtulo enunciativo, im\u00e1genes, sonido, audio, v\u00eddeo, software o textos; marcas o logotipos, combinaciones de colores, estructura y dise\u00f1o, selecci\u00f3n de materiales usados, programas de ordenador necesarios para su funcionamiento, acceso y uso, etc.), titularidad de AVS PREVENCION o bien de sus licenciantes. Todos los derechos reservados. En virtud de lo dispuesto en los art\u00edculos 8 y 32.1, p\u00e1rrafo segundo, de la Ley de Propiedad Intelectual, quedan expresamente prohibidas la reproducci\u00f3n, la distribuci\u00f3n y la comunicaci\u00f3n p\u00fablica, incluida su modalidad de puesta a disposici\u00f3n, de la totalidad o parte de los contenidos de esta p\u00e1gina web, con fines comerciales, en cualquier soporte y por cualquier medio t\u00e9cnico, sin la autorizaci\u00f3n de AVS PREVENCION.\u00a0 El USUARIO se compromete a respetar los derechos de Propiedad Intelectual e Industrial titularidad de AVS PREVENCION. Podr\u00e1 visualizar los elementos del portal e incluso imprimirlos, copiarlos y almacenarlos en el disco duro de su ordenador o en cualquier otro soporte f\u00edsico siempre y cuando sea, \u00fanica y exclusivamente, para su uso personal y privado. El USUARIO deber\u00e1 abstenerse de suprimir, alterar, eludir o manipular cualquier dispositivo de protecci\u00f3n o sistema de seguridad que estuviera instalado en el las p\u00e1ginas de AVS PREVENCION.<\/p>\n<p>&nbsp;<\/p>\n<h4><strong>EXCLUSI\u00d3N DE GARANT\u00cdAS Y RESPONSABILIDAD:<\/strong><\/h4>\n<p>AVS PREVENCION no se hace responsable, en ning\u00fan caso, de los da\u00f1os y perjuicios de cualquier naturaleza que pudieran ocasionar, a t\u00edtulo enunciativo: errores u omisiones en los contenidos, falta de disponibilidad del portal o la transmisi\u00f3n de virus o programas maliciosos o lesivos en los contenidos, a pesar de haber adoptado todas las medidas tecnol\u00f3gicas necesarias para evitarlo.<\/p>\n<p>&nbsp;<\/p>\n<h4><strong>MODIFICACIONES:<\/strong><\/h4>\n<p>AVS PREVENCION se reserva el derecho de efectuar sin previo aviso las modificaciones que considere oportunas en su portal, pudiendo cambiar, suprimir o a\u00f1adir tanto los contenidos y servicios que se presten a trav\u00e9s de la misma como la forma en la que \u00e9stos aparezcan presentados o localizados en su portal.<\/p>\n<p>&nbsp;<\/p>\n<h4><strong>ENLACES:<\/strong><\/h4>\n<p>En el caso de que en el portal se dispusiesen enlaces o hiperv\u00ednculos hac\u00eda otros sitios de Internet, AVS PREVENCION no ejercer\u00e1 ning\u00fan tipo de control sobre dichos sitios y contenidos. En ning\u00fan caso AVS PREVENCION asumir\u00e1 responsabilidad alguna por los contenidos de alg\u00fan enlace perteneciente a un sitio web ajeno, ni garantizar\u00e1 la disponibilidad t\u00e9cnica, calidad, fiabilidad, exactitud, amplitud, veracidad, validez y constitucionalidad de cualquier material o informaci\u00f3n contenida en ninguno de dichos hiperv\u00ednculos u otros sitios de Internet. Igualmente la inclusi\u00f3n de estas conexiones externas no implicar\u00e1 ning\u00fan tipo de asociaci\u00f3n, fusi\u00f3n o participaci\u00f3n con las entidades conectadas.<\/p>\n<p>&nbsp;<\/p>\n<h4><strong>DERECHO DE EXCLUSI\u00d3N:<\/strong><\/h4>\n<p>AVS PREVENCION se reserva el derecho a denegar o retirar el acceso a portal y\/o los servicios ofrecidos sin necesidad de preaviso, a instancia propia o de un tercero, a aquellos usuarios que incumplan las presentes Condiciones Generales de Uso.<\/p>\n<p>&nbsp;<\/p>\n<h4><strong>GENERALIDADES:<\/strong><\/h4>\n<p>AVS PREVENCION perseguir\u00e1 el incumplimiento de las presentes condiciones as\u00ed como cualquier utilizaci\u00f3n indebida de su portal ejerciendo todas las acciones civiles y penales que le puedan corresponder en derecho.<\/p>\n<p><strong><\/strong><\/p>\n<h4><strong>MODIFICACI\u00d3N DE LAS PRESENTES CONDICIONES Y DURACI\u00d3N:<\/strong><\/h4>\n<p>AVS PREVENCION podr\u00e1 modificar en cualquier momento las condiciones aqu\u00ed determinadas, siendo debidamente publicadas como aqu\u00ed aparecen. La vigencia de las citadas condiciones ir\u00e1 en funci\u00f3n de su exposici\u00f3n y estar\u00e1n vigentes hasta que sean modificadas por otras debidamente publicadas.<\/p>\n<p>&nbsp;<\/p>\n<p>[\/et_pb_text][\/et_pb_column][\/et_pb_row][\/et_pb_section]<\/p>\n","protected":false},"excerpt":{"rendered":"<p>DATOS IDENTIFICATIVOS: En cumplimiento con el deber de informaci\u00f3n recogido en art\u00edculo 10 de la Ley 34\/2002, de 11 de julio, de Servicios de la Sociedad de la Informaci\u00f3n y del Comercio Electr\u00f3nico (LSSICE), AVS PREVENCI\u00d3N le informa de lo siguiente: &nbsp; Denominaci\u00f3n social: Andaluza de Vigilancia de la Salud S.L. (en adelante AVS PREVENCI\u00d3N) [&hellip;]<\/p>\n","protected":false},"author":1,"featured_media":0,"parent":0,"menu_order":0,"comment_status":"closed","ping_status":"closed","template":"","meta":{"_et_pb_use_builder":"on","_et_pb_old_content":"","_et_gb_content_width":"","_joinchat":[],"footnotes":""},"class_list":["post-1723","page","type-page","status-publish","hentry"],"_links":{"self":[{"href":"https:\/\/www.avsprevencion.com\/es\/wp-json\/wp\/v2\/pages\/1723","targetHints":{"allow":["GET"]}}],"collection":[{"href":"https:\/\/www.avsprevencion.com\/es\/wp-json\/wp\/v2\/pages"}],"about":[{"href":"https:\/\/www.avsprevencion.com\/es\/wp-json\/wp\/v2\/types\/page"}],"author":[{"embeddable":true,"href":"https:\/\/www.avsprevencion.com\/es\/wp-json\/wp\/v2\/users\/1"}],"replies":[{"embeddable":true,"href":"https:\/\/www.avsprevencion.com\/es\/wp-json\/wp\/v2\/comments?post=1723"}],"version-history":[{"count":3,"href":"https:\/\/www.avsprevencion.com\/es\/wp-json\/wp\/v2\/pages\/1723\/revisions"}],"predecessor-version":[{"id":1728,"href":"https:\/\/www.avsprevencion.com\/es\/wp-json\/wp\/v2\/pages\/1723\/revisions\/1728"}],"wp:attachment":[{"href":"https:\/\/www.avsprevencion.com\/es\/wp-json\/wp\/v2\/media?parent=1723"}],"curies":[{"name":"wp","href":"https:\/\/api.w.org\/{rel}","templated":true}]}}