{"id":3,"date":"2019-09-11T13:26:15","date_gmt":"2019-09-11T11:26:15","guid":{"rendered":"http:\/\/www.avsprevencion.com\/es\/?page_id=3"},"modified":"2024-07-25T10:56:39","modified_gmt":"2024-07-25T08:56:39","slug":"politica-privacidad","status":"publish","type":"page","link":"https:\/\/www.avsprevencion.com\/es\/politica-privacidad\/","title":{"rendered":"Pol\u00edtica de privacidad"},"content":{"rendered":"<p>[et_pb_section fb_built=\u00bb1&#8243; fullwidth=\u00bbon\u00bb theme_builder_area=\u00bbpost_content\u00bb _builder_version=\u00bb4.27.0&#8243; _module_preset=\u00bbdefault\u00bb background_color=\u00bb#2B2B2B\u00bb hover_enabled=\u00bb0&#8243; sticky_enabled=\u00bb0&#8243;][et_pb_fullwidth_post_title _builder_version=\u00bb4.27.0&#8243; _module_preset=\u00bbdefault\u00bb theme_builder_area=\u00bbpost_content\u00bb meta=\u00bboff\u00bb featured_image=\u00bboff\u00bb hover_enabled=\u00bb0&#8243; sticky_enabled=\u00bb0&#8243; custom_padding=\u00bb30px||20px||false|false\u00bb title_font=\u00bb|700||on|||||\u00bb title_text_color=\u00bb#FFB400&#8243;][\/et_pb_fullwidth_post_title][\/et_pb_section][et_pb_section fb_built=\u00bb1&#8243; _builder_version=\u00bb4.16&#8243; _module_preset=\u00bbdefault\u00bb background_image=\u00bbhttps:\/\/www.avsprevencion.com\/es\/wp-content\/uploads\/2019\/09\/fondowebavs3.jpg\u00bb parallax=\u00bbon\u00bb parallax_method=\u00bboff\u00bb global_colors_info=\u00bb{}\u00bb custom_padding=\u00bb13px|||||\u00bb][et_pb_row _builder_version=\u00bb4.16&#8243; _module_preset=\u00bbdefault\u00bb global_colors_info=\u00bb{}\u00bb][et_pb_column type=\u00bb4_4&#8243; _builder_version=\u00bb4.16&#8243; _module_preset=\u00bbdefault\u00bb global_colors_info=\u00bb{}\u00bb][et_pb_text _builder_version=\u00bb4.27.0&#8243; _module_preset=\u00bbdefault\u00bb hover_enabled=\u00bb0&#8243; global_colors_info=\u00bb{}\u00bb sticky_enabled=\u00bb0&#8243;]<\/p>\n<p><strong>INFORMACI\u00d3N GENERAL<\/strong><\/p>\n<p>Dando cumplimiento de la obligaci\u00f3n impuesta por el art\u00edculo 10 de la Ley 34\/2002 Servicios de la Sociedad de la Informaci\u00f3n y de Comercio Electr\u00f3nico, le informamos que el titular de esta p\u00e1gina Web https:\/\/www.avsprevenci\u00f3n.com\/ es Andaluza de Vigilancia de la Salud S.L. (AVS) con N.I.F. N\u00ba B21441761 y domicilio en la Calle Rascon 47 de Huelva, 21001. Contando con la siguiente direcci\u00f3n de correo electr\u00f3nico para contactar con AVS:\u00a0<u><a href=\"mailto:info@avsprevencion.com\">info@avsprevencion.com<\/a><\/u><\/p>\n<p>&nbsp;<\/p>\n<p><strong>POLITICA DE PRIVACIDAD DE DATOS PERSONALES<\/strong><\/p>\n<p>AVS, le informa de los tratamientos de datos de car\u00e1cter personal que realiza, como responsable, por medio del sitio Web https:\/\/www.avsprevenci\u00f3n.com\/<\/p>\n<p>Entendiendo por datos de car\u00e1cter personal a cualquier informaci\u00f3n num\u00e9rica, alfab\u00e9tica, gr\u00e1fica, fotogr\u00e1fica, ac\u00fastica o de cualquier otro tipo concerniente a personas f\u00edsicas identificadas o identificables. Y por tratamiento de datos personales las operaciones y procedimientos t\u00e9cnicos de car\u00e1cter automatizado o no, que permitan la recogida, grabaci\u00f3n, conservaci\u00f3n, elaboraci\u00f3n, modificaci\u00f3n, bloqueo y cancelaci\u00f3n, as\u00ed como las cesiones de datos que resulten de comunicaciones, consultas, interconexiones y transferencias.<\/p>\n<p>&nbsp;<\/p>\n<p><strong>Recogida de datos de car\u00e1cter personal<\/strong><\/p>\n<p>AVS informa que la recogida de datos de car\u00e1cter personal de las personas que acceden y usan la p\u00e1gina Web podr\u00e1 realizarse, principalmente, a trav\u00e9s de:<\/p>\n<ul>\n<li>Cumplimentando el formulario de M\u00e1s informaci\u00f3n<\/li>\n<li>Cumplimentando el formulario de Presupuestos<\/li>\n<li>Cumplimentando el formulario de Denuncias<\/li>\n<li>Env\u00edo de un correo electr\u00f3nico a las direcciones <u><a href=\"mailto:info@avsprevenci\u00f3n.com%20\">denuncias@avsprevenci\u00f3n.com<\/a><\/u><\/li>\n<li>Env\u00edo de un correo electr\u00f3nico a las direcciones\u00a0<u style=\"font-size: 14px;\"><a href=\"mailto:info@avsprevenci\u00f3n.com%20\">info@avsprevenci\u00f3n.com<\/a><\/u><\/li>\n<li>Mensajeria instant\u00e1nea atrav\u00e9s del bot\u00f3n flotante inferior izquierdo.<\/li>\n<\/ul>\n<p>&nbsp;<\/p>\n<p>Esta recogida de datos por parte de AVS de los usuarios de la p\u00e1gina web es voluntaria, no estando obligado el usuario que accede y navega a la web a facilitar sus datos de car\u00e1cter personal tanto por medio de los correos electr\u00f3nicos como por la cumplimentaci\u00f3n de los formularios.<\/p>\n<p>Los datos de car\u00e1cter personal que pueda facilitar a AVS por medio del correo electr\u00f3nico, mensajer\u00eda o la cumplimentaci\u00f3n de formularios ser\u00e1n tratados por AVS como responsable, siendo voluntaria la entrega de dichos datos de car\u00e1cter personal. La comunicaci\u00f3n de datos por el usuario siempre debe ser veraz y actual.<\/p>\n<p>Si el usuario no desea que AVS someta a tratamiento sus datos personales, deber\u00e1 abstenerse de remitir correos electr\u00f3nicos y cumplimentar los formularios existentes en el sitio Web. En cualquier caso, AVS le informa de las condiciones en que se recogen datos personales y las finalidades con las que van a ser utilizados, de la obligaci\u00f3n de facilitarlos o no, de los derechos que asisten al usuario, de las condiciones en que se pueden ejercitar, y de cualquier otra informaci\u00f3n complementaria que resulte necesaria.<\/p>\n<p>Si la persona que facilita sus datos de car\u00e1cter personal es incapaz o menor de edad, se le advierte que debe contar con el consentimiento de su representante legal o tutor para comunicar sus datos y consentir los tratamientos de datos, debiendo abstenerse de facilitar sus datos si no cuenta con el consentimiento de su representante legal o tutor, no siendo en su caso AVS responsable de las actuaciones del incapaz o menor.<\/p>\n<p>&nbsp;<\/p>\n<p><strong>Finalidades de los tratamientos<\/strong><\/p>\n<p>Respecto a las finalidades de los tratamientos de datos de car\u00e1cter personal recogidos por medio de los correos electr\u00f3nicos y los formularios, ser\u00e1n informadas en los formularios de recogida y la indicaci\u00f3n de las cuentas de correo electr\u00f3nico donde dirigir los e-mails, que en su caso ser\u00e1n atender las peticiones y consultas realizadas, remitirles informaci\u00f3n y documentaci\u00f3n solicitada y poder contactar con usted; incluir sus datos en los ficheros de contactos de AVS, y mantener un hist\u00f3rico de las relaciones y comunicaciones mantenidas.<\/p>\n<p>Al facilitar sus datos de car\u00e1cter personal tanto por correo electr\u00f3nico como por mensajer\u00eda o la cumplimentaci\u00f3n de los formularios, el usuario consiente el tratamiento de sus datos para los fines que se le indican.<\/p>\n<p>AVS no realizar\u00e1 tratamientos invisibles con los datos personales que identifiquen a los usuarios, sin previa autorizaci\u00f3n de estos.<\/p>\n<p>&nbsp;<\/p>\n<p><strong>DERECHOS DE LOS USUARIOS<\/strong><\/p>\n<p>AVS, informa a los usuarios de los derechos que le asisten como titulares de los datos de car\u00e1cter personal que pueden facilitar por medio del correo electr\u00f3nico, mensajer\u00eda o la cumplimentaci\u00f3n de los formularios.<\/p>\n<p>El usuario podr\u00e1 en todo momento conocer que datos han sido recabados y tratados por AVS sobre su persona; rectificar la informaci\u00f3n que resulte inexacta; cancelar dichos datos u oponerse a su tratamiento, limitado este \u00faltimo derecho a los casos en que no sea necesario su consentimiento para el tratamiento de sus datos, siempre que una ley no disponga lo contrario.<\/p>\n<p>El usuario podr\u00e1 acceder, modificar o cancelar sus datos comunic\u00e1ndolo a AVS en cualquier momento, si bien el ejercicio formal de estos derechos por parte del usuario al amparo de la Ley Org\u00e1nica 15\/1999 de protecci\u00f3n de datos de car\u00e1cter personal deber realizarse por alg\u00fan medio que demuestre la identidad de la persona, como una comunicaci\u00f3n escrita, junto con la fotocopia del Documento Nacional de Identidad u otro medio v\u00e1lido en derecho que acredite la identidad del usuario, a la siguiente direcci\u00f3n: AVS Prevencion. Calle Rascon 47 de Huelva, 21001, o aquella que le sustituya en el Registro General de Protecci\u00f3n de Datos; o por medio de un correo electr\u00f3nico firmado con firma electr\u00f3nica avanzada. Las comunicaciones contendr\u00e1n la siguiente informaci\u00f3n: nombre y apellidos del usuario, petici\u00f3n que solicita, domicilio a efectos de notificaci\u00f3n, fecha y firma, y en su caso, los documentos acreditativos de la petici\u00f3n que formula.<\/p>\n<p>Estos derechos de acceso, rectificaci\u00f3n y cancelaci\u00f3n son personal\u00edsimos, pudiendo \u00fanicamente el usuario titular de los datos ejercitarlos. No obstante, cuando as\u00ed se admita, el representante legal autorizado por el usuario, podr\u00e1 ejercitar los derechos del titular de los datos, siempre que acompa\u00f1e al ejercicio del derecho el documento que acredite tal representaci\u00f3n.<\/p>\n<p>Informando que el ejercicio de un derecho por un tercero no titular de los datos y no autorizado por el titular, podr\u00e1 suponer la comisi\u00f3n de un delito de descubrimiento y revelaci\u00f3n de secretos del apartado segundo del art\u00edculo 197 del C\u00f3digo Penal.<\/p>\n<p>&nbsp;<\/p>\n<p><strong>SEGURIDAD Y CONFIDENCIALIDAD<\/strong><\/p>\n<p>AVS custodia los datos de car\u00e1cter personal recabados de los usuarios, implantando las medidas de seguridad exigidas por la normativa sobre protecci\u00f3n de datos de car\u00e1cter personal, y exigiendo la confidencialidad de los datos de car\u00e1cter personal a todas las personas bajo su responsabilidad que accedan o traten los datos personales.<\/p>\n<p>&nbsp;<\/p>\n<p>[\/et_pb_text][\/et_pb_column][\/et_pb_row][\/et_pb_section]<\/p>\n","protected":false},"excerpt":{"rendered":"<p>INFORMACI\u00d3N GENERAL Dando cumplimiento de la obligaci\u00f3n impuesta por el art\u00edculo 10 de la Ley 34\/2002 Servicios de la Sociedad de la Informaci\u00f3n y de Comercio Electr\u00f3nico, le informamos que el titular de esta p\u00e1gina Web https:\/\/www.avsprevenci\u00f3n.com\/ es Andaluza de Vigilancia de la Salud S.L. (AVS) con N.I.F. N\u00ba B21441761 y domicilio en la Calle [&hellip;]<\/p>\n","protected":false},"author":1,"featured_media":0,"parent":0,"menu_order":0,"comment_status":"closed","ping_status":"open","template":"","meta":{"_et_pb_use_builder":"on","_et_pb_old_content":"<!-- wp:heading -->\r\n<h2>Qui\u00e9nes somos<\/h2>\r\n<!-- \/wp:heading --><!-- wp:paragraph -->\r\n<p>La direcci\u00f3n de nuestra web es: http:\/\/www.avsprevencion.com\/es.<\/p>\r\n<!-- \/wp:paragraph --><!-- wp:heading -->\r\n<h2>Qu\u00e9 datos personales recogemos y por qu\u00e9 los recogemos<\/h2>\r\n<!-- \/wp:heading --><!-- wp:heading {\"level\":3} -->\r\n<h3>Comentarios<\/h3>\r\n<!-- \/wp:heading --><!-- wp:paragraph -->\r\n<p>Cuando los visitantes dejan comentarios en la web, recopilamos los datos que se muestran en el formulario de comentarios, as\u00ed como la direcci\u00f3n IP del visitante y la cadena de agentes de usuario del navegador para ayudar a la detecci\u00f3n de spam.<\/p>\r\n<!-- \/wp:paragraph --><!-- wp:paragraph -->\r\n<p>Una cadena an\u00f3nima creada a partir de tu direcci\u00f3n de correo electr\u00f3nico (tambi\u00e9n llamada hash) puede ser proporcionada al servicio de Gravatar para ver si la est\u00e1s usando. La pol\u00edtica de privacidad del servicio Gravatar est\u00e1 disponible aqu\u00ed: https:\/\/automattic.com\/privacy\/. Despu\u00e9s de la aprobaci\u00f3n de tu comentario, la imagen de tu perfil es visible para el p\u00fablico en el contexto de su comentario.<\/p>\r\n<!-- \/wp:paragraph --><!-- wp:heading {\"level\":3} -->\r\n<h3>Medios<\/h3>\r\n<!-- \/wp:heading --><!-- wp:paragraph -->\r\n<p>Si subes im\u00e1genes a la web deber\u00edas evitar subir im\u00e1genes con datos de ubicaci\u00f3n (GPS EXIF) incluidos. Los visitantes de la web pueden descargar y extraer cualquier dato de localizaci\u00f3n de las im\u00e1genes de la web.<\/p>\r\n<!-- \/wp:paragraph --><!-- wp:heading {\"level\":3} -->\r\n<h3>Formularios de contacto<\/h3>\r\n<!-- \/wp:heading --><!-- wp:heading {\"level\":3} -->\r\n<h3>Cookies<\/h3>\r\n<!-- \/wp:heading --><!-- wp:paragraph -->\r\n<p>Si dejas un comentario en nuestro sitio puedes elegir guardar tu nombre, direcci\u00f3n de correo electr\u00f3nico y web en cookies. Esto es para tu comodidad, para que no tengas que volver a rellenar tus datos cuando dejes otro comentario. Estas cookies tendr\u00e1n una duraci\u00f3n de un a\u00f1o.<\/p>\r\n<!-- \/wp:paragraph --><!-- wp:paragraph -->\r\n<p>Si tienes una cuenta y te conectas a este sitio, instalaremos una cookie temporal para determinar si tu navegador acepta cookies. Esta cookie no contiene datos personales y se elimina al cerrar el navegador.<\/p>\r\n<!-- \/wp:paragraph --><!-- wp:paragraph -->\r\n<p>Cuando inicias sesi\u00f3n, tambi\u00e9n instalaremos varias cookies para guardar tu informaci\u00f3n de inicio de sesi\u00f3n y tus opciones de visualizaci\u00f3n de pantalla. Las cookies de inicio de sesi\u00f3n duran dos d\u00edas, y las cookies de opciones de pantalla duran un a\u00f1o. Si seleccionas \"Recordarme\", tu inicio de sesi\u00f3n perdurar\u00e1 durante dos semanas. Si sales de tu cuenta, las cookies de inicio de sesi\u00f3n se eliminar\u00e1n.<\/p>\r\n<!-- \/wp:paragraph --><!-- wp:paragraph -->\r\n<p>Si editas o publicas un art\u00edculo se guardar\u00e1 una cookie adicional en tu navegador. Esta cookie no incluye datos personales y simplemente indica el ID del art\u00edculo que acabas de editar. Caduca despu\u00e9s de 1 d\u00eda.<\/p>\r\n<!-- \/wp:paragraph --><!-- wp:heading {\"level\":3} -->\r\n<h3>Contenido incrustado de otros sitios web<\/h3>\r\n<!-- \/wp:heading --><!-- wp:paragraph -->\r\n<p>Los art\u00edculos de este sitio pueden incluir contenido incrustado (por ejemplo, v\u00eddeos, im\u00e1genes, art\u00edculos, etc.). El contenido incrustado de otras web se comporta exactamente de la misma manera que si el visitante hubiera visitado la otra web.<\/p>\r\n<!-- \/wp:paragraph --><!-- wp:paragraph -->\r\n<p>Estas web pueden recopilar datos sobre ti, utilizar cookies, incrustar un seguimiento adicional de terceros, y supervisar tu interacci\u00f3n con ese contenido incrustado, incluido el seguimiento de tu interacci\u00f3n con el contenido incrustado si tienes una cuenta y est\u00e1s conectado a esa web.<\/p>\r\n<!-- \/wp:paragraph --><!-- wp:heading {\"level\":3} -->\r\n<h3>Anal\u00edtica<\/h3>\r\n<!-- \/wp:heading --><!-- wp:heading -->\r\n<h2>Con qui\u00e9n compartimos tus datos<\/h2>\r\n<!-- \/wp:heading --><!-- wp:heading -->\r\n<h2>Cu\u00e1nto tiempo conservamos tus datos<\/h2>\r\n<!-- \/wp:heading --><!-- wp:paragraph -->\r\n<p>Si dejas un comentario, el comentario y sus metadatos se conservan indefinidamente. Esto es para que podamos reconocer y aprobar comentarios sucesivos autom\u00e1ticamente en lugar de mantenerlos en una cola de moderaci\u00f3n.<\/p>\r\n<!-- \/wp:paragraph --><!-- wp:paragraph -->\r\n<p>De los usuarios que se registran en nuestra web (si los hay), tambi\u00e9n almacenamos la informaci\u00f3n personal que proporcionan en su perfil de usuario. Todos los usuarios pueden ver, editar o eliminar su informaci\u00f3n personal en cualquier momento (excepto que no pueden cambiar su nombre de usuario). Los administradores de la web tambi\u00e9n pueden ver y editar esa informaci\u00f3n.<\/p>\r\n<!-- \/wp:paragraph --><!-- wp:heading -->\r\n<h2>Qu\u00e9 derechos tienes sobre tus datos<\/h2>\r\n<!-- \/wp:heading --><!-- wp:paragraph -->\r\n<p>Si tienes una cuenta o has dejado comentarios en esta web, puedes solicitar recibir un archivo de exportaci\u00f3n de los datos personales que tenemos sobre ti, incluyendo cualquier dato que nos hayas proporcionado. Tambi\u00e9n puedes solicitar que eliminemos cualquier dato personal que tengamos sobre ti. Esto no incluye ning\u00fan dato que estemos obligados a conservar con fines administrativos, legales o de seguridad.<\/p>\r\n<!-- \/wp:paragraph --><!-- wp:heading -->\r\n<h2>D\u00f3nde enviamos tus datos<\/h2>\r\n<!-- \/wp:heading --><!-- wp:paragraph -->\r\n<p>Los comentarios de los visitantes puede que los revise un servicio de detecci\u00f3n autom\u00e1tica de spam.<\/p>\r\n<!-- \/wp:paragraph --><!-- wp:heading -->\r\n<h2>Tu informaci\u00f3n de contacto<\/h2>\r\n<!-- \/wp:heading --><!-- wp:heading -->\r\n<h2>Informaci\u00f3n adicional<\/h2>\r\n<!-- \/wp:heading --><!-- wp:heading {\"level\":3} -->\r\n<h3>C\u00f3mo protegemos tus datos<\/h3>\r\n<!-- \/wp:heading --><!-- wp:heading {\"level\":3} -->\r\n<h3>Qu\u00e9 procedimientos utilizamos contra las brechas de datos<\/h3>\r\n<!-- \/wp:heading --><!-- wp:heading {\"level\":3} -->\r\n<h3>De qu\u00e9 terceros recibimos datos<\/h3>\r\n<!-- \/wp:heading --><!-- wp:heading {\"level\":3} -->\r\n<h3>Qu\u00e9 tipo de toma de decisiones automatizada y\/o perfilado hacemos con los datos del usuario<\/h3>\r\n<!-- \/wp:heading --><!-- wp:heading {\"level\":3} -->\r\n<h3>Requerimientos regulatorios de revelaci\u00f3n de informaci\u00f3n del sector<\/h3>\r\n<!-- \/wp:heading -->","_et_gb_content_width":"","_joinchat":[],"footnotes":""},"class_list":["post-3","page","type-page","status-publish","hentry"],"_links":{"self":[{"href":"https:\/\/www.avsprevencion.com\/es\/wp-json\/wp\/v2\/pages\/3","targetHints":{"allow":["GET"]}}],"collection":[{"href":"https:\/\/www.avsprevencion.com\/es\/wp-json\/wp\/v2\/pages"}],"about":[{"href":"https:\/\/www.avsprevencion.com\/es\/wp-json\/wp\/v2\/types\/page"}],"author":[{"embeddable":true,"href":"https:\/\/www.avsprevencion.com\/es\/wp-json\/wp\/v2\/users\/1"}],"replies":[{"embeddable":true,"href":"https:\/\/www.avsprevencion.com\/es\/wp-json\/wp\/v2\/comments?post=3"}],"version-history":[{"count":8,"href":"https:\/\/www.avsprevencion.com\/es\/wp-json\/wp\/v2\/pages\/3\/revisions"}],"predecessor-version":[{"id":1716,"href":"https:\/\/www.avsprevencion.com\/es\/wp-json\/wp\/v2\/pages\/3\/revisions\/1716"}],"wp:attachment":[{"href":"https:\/\/www.avsprevencion.com\/es\/wp-json\/wp\/v2\/media?parent=3"}],"curies":[{"name":"wp","href":"https:\/\/api.w.org\/{rel}","templated":true}]}}